{"id":901,"date":"2022-08-22T18:28:11","date_gmt":"2022-08-22T16:28:11","guid":{"rendered":"https:\/\/extra-solution.com\/?page_id=901"},"modified":"2022-09-19T10:25:48","modified_gmt":"2022-09-19T08:25:48","slug":"client-dans-le-secteur-public","status":"publish","type":"page","link":"https:\/\/extra-solution.com\/fr\/client-dans-le-secteur-public\/","title":{"rendered":"Client dans le secteur public"},"content":{"rendered":"<section class=\"big-list wrapper bg-gradient-reverse-primary angled lower-start\">\n    <div class=\"container py-14 pt-md-15 pb-md-15\">\n        <div class=\"row gx-md-8 gx-xl-12 gy-10 align-items-center\">\n            <div class=\"col-lg-6\">\n                <h2 class=\"fs-16 text-uppercase text-muted mb-3\"><\/h2>\n                <h3 class=\"display-4 mb-5\">Client dans le secteur public<\/h3>\n                <p class=\"mb-6\">\n                    <p>Le client a lanc\u00e9 un nouveau programme pour r\u00e9aliser une refonte dans le d\u00e9veloppement de ses outils de gestion de son personnel, en mettant l&#8217;accent sur une meilleure communication, la responsabilisation et la collaboration. Dans le cadre de cette initiative le client recherchait une m\u00e9thode am\u00e9lior\u00e9e pour communiquer avec ses milliers d&#8217;employ\u00e9s. Extra Solution a fourni un professionnel exp\u00e9riment\u00e9 pour ce projet, qui a pu l\u2019aider \u00e0 mettre en \u0153uvre cette solution.<\/p>\n<h2>Avantages\/R\u00e9sultats<\/h2>\n<p>Le client a pu valider le fonctionnement d\u2019une nouvelle solution en s\u2019appuyant sur les comp\u00e9tences fortes de notre consultant. Apr\u00e8s ce succ\u00e8s, le client cherche \u00e0 utiliser les services d\u2019Extra Solution dans d&#8217;autres d\u00e9partements de l&#8217;organisation.<\/p>\n                <\/p>\n                <div class=\"d-flex\">\n                                    <\/div>\n            <\/div>\n            <!--\/column -->\n\n            <div class=\"col-lg-6 order-lg-2\">\n                            <\/div>\n            <!--\/column -->\n        <\/div>\n        <!--\/.row -->\n    <\/div>\n    <!-- \/.container -->\n<\/section>\n<!-- \/section -->\n\n\n\n<section class=\"wrapper bg-light\">\n    <div class=\"container pt-10 pt-md-15\">\n        <div class=\"row text-center\">\n            <div class=\"col mx-auto\">\n                <h2 class=\"fs-16 text-uppercase text-muted mb-3\">Cas d&#8217;\u00e9tude<\/h2>\n                <h3 class=\"display-6 mb-9 me-lg-n5\"> Rien de plus parlant que des exemples concrets <\/h3>\n            <\/div>\n            <!-- \/column -->\n        <\/div>\n        <!-- \/.row -->\n        <div class=\"swiper-container blog grid-view mb-5 mb-md-4\" data-margin=\"30\" data-dots=\"true\" data-dots-sm=\"false\" data-items-xl=\"3\"\n            data-items-md=\"2\" data-items-xs=\"1\">\n            <div class=\"swiper\">\n                <div class=\"swiper-wrapper mb-10\">\n                                                        <div class=\"swiper-slide\">\n                                        <a href=\"https:\/\/extra-solution.com\/multinationale-dans-le-retail\/\">                                            <article>\n                                                <figure class=\"overlay overlay-1 hover-scale rounded mb-6\">\n                                                    <img decoding=\"async\" src=\"https:\/\/extra-solution.com\/wp-content\/uploads\/2022\/09\/viktor-bystrov-gFjGZ2qRZOo-unsplash-1024x683.jpg\" alt=\"\" \/>\n                                                    <figcaption>\n                                                        <h5 class=\"from-top mb-0\">Voir plus<\/h5>\n                                                    <\/figcaption>\n                                                <\/figure>\n                                                <div class=\"post-header\">\n                                                    <h2 class=\"post-title h3 mb-3\">\n                                                        <span class=\"link-dark\">Multinationale dans le Retail<\/a>\n                                                    <\/h2>\n                                                <\/div>\n                                                <!-- \/.post-header -->\n                                                <div class=\"post-footer\">\n                                                    <ul class=\"post-meta\">\n                                                        <li class=\"post-comments\"> Ce client avait besoin d&#8217;un partenaire qualifi\u00e9 pour l\u2019accompagner dans le d\u00e9ploiement de son ERP SAP S\/4Hana. L&#8217;objectif \u00e9tait d\u00e9ployer un core model SAP existant dans les filiales du groupe.  <\/li>\n                                                    <\/ul>\n                                                    <!-- \/.post-meta -->\n                                                <\/div>\n                                                <!-- \/.post-footer -->\n                                            <\/article>\n                                            <\/a>                                        <!-- \/article -->\n                                    <\/div>\n                                    <!--\/.swiper-slide -->\n                                                                    <div class=\"swiper-slide\">\n                                        <a href=\"https:\/\/extra-solution.com\/client-partenaire-sap-qui-fournit-des-services-de-conseil-sap-aux-entreprises\/\">                                            <article>\n                                                <figure class=\"overlay overlay-1 hover-scale rounded mb-6\">\n                                                    <img decoding=\"async\" src=\"\" alt=\"\" \/>\n                                                    <figcaption>\n                                                        <h5 class=\"from-top mb-0\">Voir plus<\/h5>\n                                                    <\/figcaption>\n                                                <\/figure>\n                                                <div class=\"post-header\">\n                                                    <h2 class=\"post-title h3 mb-3\">\n                                                        <span class=\"link-dark\">Client qui fournit des services de conseil sur SAP<\/a>\n                                                    <\/h2>\n                                                <\/div>\n                                                <!-- \/.post-header -->\n                                                <div class=\"post-footer\">\n                                                    <ul class=\"post-meta\">\n                                                        <li class=\"post-comments\"> Le client avait besoin de trois consultants formateurs SAP pour construire les plans de formations, former les utilisateurs et enfin, mettre \u00e0 jour la documentation. <\/li>\n                                                    <\/ul>\n                                                    <!-- \/.post-meta -->\n                                                <\/div>\n                                                <!-- \/.post-footer -->\n                                            <\/article>\n                                            <\/a>                                        <!-- \/article -->\n                                    <\/div>\n                                    <!--\/.swiper-slide -->\n                                                                    <div class=\"swiper-slide\">\n                                        <a href=\"https:\/\/extra-solution.com\/client-dans-le-secteur-public\/\">                                            <article>\n                                                <figure class=\"overlay overlay-1 hover-scale rounded mb-6\">\n                                                    <img decoding=\"async\" src=\"https:\/\/extra-solution.com\/wp-content\/uploads\/2022\/10\/mohannad-hisham-y2lGK5zTodE-unsplash-scaled-1-1024x683.jpg\" alt=\"\" \/>\n                                                    <figcaption>\n                                                        <h5 class=\"from-top mb-0\">Voir plus<\/h5>\n                                                    <\/figcaption>\n                                                <\/figure>\n                                                <div class=\"post-header\">\n                                                    <h2 class=\"post-title h3 mb-3\">\n                                                        <span class=\"link-dark\">Client dans le secteur public<\/a>\n                                                    <\/h2>\n                                                <\/div>\n                                                <!-- \/.post-header -->\n                                                <div class=\"post-footer\">\n                                                    <ul class=\"post-meta\">\n                                                        <li class=\"post-comments\"> Le client a lanc\u00e9 un nouveau programme pour r\u00e9aliser une refonte dans le d\u00e9veloppement de ses outils de gestion de son personnel, en mettant l&#8217;accent sur une meilleure communication, la responsabilisation et la collaboration. <\/li>\n                                                    <\/ul>\n                                                    <!-- \/.post-meta -->\n                                                <\/div>\n                                                <!-- \/.post-footer -->\n                                            <\/article>\n                                            <\/a>                                        <!-- \/article -->\n                                    <\/div>\n                                    <!--\/.swiper-slide -->\n                                                <\/div>\n                <!--\/.swiper-wrapper -->\n            <\/div>\n            <!-- \/.swiper -->\n        <\/div>\n        <!-- \/.swiper-container -->\n    <\/div>\n    <!-- \/.container -->\n<\/section>\n","protected":false},"excerpt":{"rendered":"","protected":false},"author":10,"featured_media":0,"parent":0,"menu_order":0,"comment_status":"closed","ping_status":"closed","template":"","meta":{"footnotes":""},"class_list":["post-901","page","type-page","status-publish","hentry"],"acf":[],"yoast_head":"<!-- This site is optimized with the Yoast SEO plugin v19.8 - https:\/\/yoast.com\/wordpress\/plugins\/seo\/ -->\n<title>Client dans le secteur public &mdash; Extra Solution<\/title>\n<meta name=\"robots\" content=\"index, follow, max-snippet:-1, max-image-preview:large, max-video-preview:-1\" \/>\n<link rel=\"canonical\" href=\"https:\/\/extra-solution.com\/client-dans-le-secteur-public\/\" \/>\n<meta property=\"og:locale\" content=\"fr_FR\" \/>\n<meta property=\"og:type\" content=\"article\" \/>\n<meta property=\"og:title\" content=\"Client dans le secteur public &mdash; Extra Solution\" \/>\n<meta property=\"og:url\" content=\"https:\/\/extra-solution.com\/client-dans-le-secteur-public\/\" \/>\n<meta property=\"og:site_name\" content=\"Extra Solution\" \/>\n<meta property=\"article:modified_time\" content=\"2022-09-19T08:25:48+00:00\" \/>\n<meta name=\"twitter:card\" content=\"summary_large_image\" \/>\n<script type=\"application\/ld+json\" class=\"yoast-schema-graph\">{\"@context\":\"https:\/\/schema.org\",\"@graph\":[{\"@type\":\"WebPage\",\"@id\":\"https:\/\/extra-solution.com\/client-dans-le-secteur-public\/\",\"url\":\"https:\/\/extra-solution.com\/client-dans-le-secteur-public\/\",\"name\":\"Client dans le secteur public &mdash; Extra Solution\",\"isPartOf\":{\"@id\":\"https:\/\/extra-solution.com\/#website\"},\"datePublished\":\"2022-08-22T16:28:11+00:00\",\"dateModified\":\"2022-09-19T08:25:48+00:00\",\"breadcrumb\":{\"@id\":\"https:\/\/extra-solution.com\/client-dans-le-secteur-public\/#breadcrumb\"},\"inLanguage\":\"fr-FR\",\"potentialAction\":[{\"@type\":\"ReadAction\",\"target\":[\"https:\/\/extra-solution.com\/client-dans-le-secteur-public\/\"]}]},{\"@type\":\"BreadcrumbList\",\"@id\":\"https:\/\/extra-solution.com\/client-dans-le-secteur-public\/#breadcrumb\",\"itemListElement\":[{\"@type\":\"ListItem\",\"position\":1,\"name\":\"Accueil\",\"item\":\"https:\/\/extra-solution.com\/fr\/\"},{\"@type\":\"ListItem\",\"position\":2,\"name\":\"Client dans le secteur public\"}]},{\"@type\":\"WebSite\",\"@id\":\"https:\/\/extra-solution.com\/#website\",\"url\":\"https:\/\/extra-solution.com\/\",\"name\":\"Extra Solution\",\"description\":\"La solution IT pour vos projets\",\"publisher\":{\"@id\":\"https:\/\/extra-solution.com\/#organization\"},\"potentialAction\":[{\"@type\":\"SearchAction\",\"target\":{\"@type\":\"EntryPoint\",\"urlTemplate\":\"https:\/\/extra-solution.com\/?s={search_term_string}\"},\"query-input\":\"required name=search_term_string\"}],\"inLanguage\":\"fr-FR\"},{\"@type\":\"Organization\",\"@id\":\"https:\/\/extra-solution.com\/#organization\",\"name\":\"Extra Solution\",\"url\":\"https:\/\/extra-solution.com\/\",\"sameAs\":[],\"logo\":{\"@type\":\"ImageObject\",\"inLanguage\":\"fr-FR\",\"@id\":\"https:\/\/extra-solution.com\/#\/schema\/logo\/image\/\",\"url\":\"https:\/\/extra-solution.com\/wp-content\/uploads\/2022\/10\/logo-extra.svg\",\"contentUrl\":\"https:\/\/extra-solution.com\/wp-content\/uploads\/2022\/10\/logo-extra.svg\",\"caption\":\"Extra Solution\"},\"image\":{\"@id\":\"https:\/\/extra-solution.com\/#\/schema\/logo\/image\/\"}}]}<\/script>\n<!-- \/ Yoast SEO plugin. -->","yoast_head_json":{"title":"Client dans le secteur public &mdash; Extra Solution","robots":{"index":"index","follow":"follow","max-snippet":"max-snippet:-1","max-image-preview":"max-image-preview:large","max-video-preview":"max-video-preview:-1"},"canonical":"https:\/\/extra-solution.com\/client-dans-le-secteur-public\/","og_locale":"fr_FR","og_type":"article","og_title":"Client dans le secteur public &mdash; Extra Solution","og_url":"https:\/\/extra-solution.com\/client-dans-le-secteur-public\/","og_site_name":"Extra Solution","article_modified_time":"2022-09-19T08:25:48+00:00","twitter_card":"summary_large_image","schema":{"@context":"https:\/\/schema.org","@graph":[{"@type":"WebPage","@id":"https:\/\/extra-solution.com\/client-dans-le-secteur-public\/","url":"https:\/\/extra-solution.com\/client-dans-le-secteur-public\/","name":"Client dans le secteur public &mdash; Extra Solution","isPartOf":{"@id":"https:\/\/extra-solution.com\/#website"},"datePublished":"2022-08-22T16:28:11+00:00","dateModified":"2022-09-19T08:25:48+00:00","breadcrumb":{"@id":"https:\/\/extra-solution.com\/client-dans-le-secteur-public\/#breadcrumb"},"inLanguage":"fr-FR","potentialAction":[{"@type":"ReadAction","target":["https:\/\/extra-solution.com\/client-dans-le-secteur-public\/"]}]},{"@type":"BreadcrumbList","@id":"https:\/\/extra-solution.com\/client-dans-le-secteur-public\/#breadcrumb","itemListElement":[{"@type":"ListItem","position":1,"name":"Accueil","item":"https:\/\/extra-solution.com\/fr\/"},{"@type":"ListItem","position":2,"name":"Client dans le secteur public"}]},{"@type":"WebSite","@id":"https:\/\/extra-solution.com\/#website","url":"https:\/\/extra-solution.com\/","name":"Extra Solution","description":"La solution IT pour vos projets","publisher":{"@id":"https:\/\/extra-solution.com\/#organization"},"potentialAction":[{"@type":"SearchAction","target":{"@type":"EntryPoint","urlTemplate":"https:\/\/extra-solution.com\/?s={search_term_string}"},"query-input":"required name=search_term_string"}],"inLanguage":"fr-FR"},{"@type":"Organization","@id":"https:\/\/extra-solution.com\/#organization","name":"Extra Solution","url":"https:\/\/extra-solution.com\/","sameAs":[],"logo":{"@type":"ImageObject","inLanguage":"fr-FR","@id":"https:\/\/extra-solution.com\/#\/schema\/logo\/image\/","url":"https:\/\/extra-solution.com\/wp-content\/uploads\/2022\/10\/logo-extra.svg","contentUrl":"https:\/\/extra-solution.com\/wp-content\/uploads\/2022\/10\/logo-extra.svg","caption":"Extra Solution"},"image":{"@id":"https:\/\/extra-solution.com\/#\/schema\/logo\/image\/"}}]}},"_links":{"self":[{"href":"https:\/\/extra-solution.com\/fr\/wp-json\/wp\/v2\/pages\/901","targetHints":{"allow":["GET"]}}],"collection":[{"href":"https:\/\/extra-solution.com\/fr\/wp-json\/wp\/v2\/pages"}],"about":[{"href":"https:\/\/extra-solution.com\/fr\/wp-json\/wp\/v2\/types\/page"}],"author":[{"embeddable":true,"href":"https:\/\/extra-solution.com\/fr\/wp-json\/wp\/v2\/users\/10"}],"replies":[{"embeddable":true,"href":"https:\/\/extra-solution.com\/fr\/wp-json\/wp\/v2\/comments?post=901"}],"version-history":[{"count":15,"href":"https:\/\/extra-solution.com\/fr\/wp-json\/wp\/v2\/pages\/901\/revisions"}],"predecessor-version":[{"id":1101,"href":"https:\/\/extra-solution.com\/fr\/wp-json\/wp\/v2\/pages\/901\/revisions\/1101"}],"wp:attachment":[{"href":"https:\/\/extra-solution.com\/fr\/wp-json\/wp\/v2\/media?parent=901"}],"curies":[{"name":"wp","href":"https:\/\/api.w.org\/{rel}","templated":true}]}}